{"id":8,"date":"2021-12-15T13:00:18","date_gmt":"2021-12-15T13:00:18","guid":{"rendered":"https:\/\/ticketex.fr\/?page_id=8"},"modified":"2024-10-11T15:21:07","modified_gmt":"2024-10-11T13:21:07","slug":"home","status":"publish","type":"page","link":"https:\/\/ticketex.fr\/salon-saveursetvins\/","title":{"rendered":"Home"},"content":{"rendered":"<table class=\"event_tickets tickera\" style=\"height: 85px;\" width=\"275\">\n<tbody>\n<tr>\n<th>Type de Billet<\/th>\n<th>Prix<\/th>\n<th>Quantit\u00e9<\/th>\n<th>Commande<\/th>\n<\/tr>\n<tr>\n<td data-column=\"Ticket Type\">Billet d\u2019Entr\u00e9e<\/td>\n<td data-column=\"Price\"><span class=\"woocommerce-Price-amount amount\"><br \/>\n<bdi style=\"position: relative; top: -15px !important;\">3<span class=\"woocommerce-Price-currencySymbol\">\u20ac<\/span><\/bdi><br \/>\n<\/span><\/td>\n<td data-column=\"Quantity\">\n<div class=\"quantity\"><select class=\"tc-wb-quantity-selector\" name=\"quantity\" aria-label=\"Quantit\u00e9 de produits\"><option value=\"1\">1<\/option><option value=\"2\">2<\/option><option value=\"3\">3<\/option><option value=\"4\">4<\/option><option value=\"5\">5<\/option><option value=\"6\">6<\/option><option value=\"7\">7<\/option><option value=\"8\">8<\/option><option value=\"9\">9<\/option><option value=\"10\">10<\/option><\/select><\/div>\n<\/td>\n<td data-column=\"Cart\">\n<p class=\"product woocommerce add_to_cart_inline tc-wb-add-to-cart\" style=\"font-size: 12px; line-heoight: 16px;\"><a class=\"button product_type_simple add_to_cart_button ajax_add_to_cart\" href=\"?add-to-cart=831&amp;quantity=1\" rel=\"nofollow\" aria-describedby=\"woocommerce_loop_add_to_cart_link_describedby_831\" data-quantity=\"1\" data-product_id=\"831\" data-product_sku=\"\" aria-label=\"Ajouter au panier\u00a0: \u201cBillet d'Entr\u00e9e\u201d\" data-success_message=\"\u00ab\u00a0Billet d'Entr\u00e9e\u00a0\u00bb a \u00e9t\u00e9 ajout\u00e9 \u00e0 votre panier\">Commander<\/a><br \/>\n<span id=\"woocommerce_loop_add_to_cart_link_describedby_831\" class=\"screen-reader-text\"><\/span><\/p>\n<\/td>\n<\/tr>\n<\/tbody>\n<\/table>\n<hr class=\"\" style=\"margin:0 auto 30px;\"\/>\n\n<div class=\"column mcb-column mcb-item-3beef6d80 one tablet-one mobile-one column_accordion\">\n<div class=\"mcb-column-inner mcb-column-inner-3beef6d80 mcb-item-accordion-inner\">\n<div class=\"accordion\">\n<h4 class=\"title\" style=\"color: #000000;\">Questions fr\u00e9quentes<\/h4>\n<div class=\"mfn-acc accordion_wrapper \">\n<div class=\"question\" tabindex=\"0\" role=\"link\">\n<div class=\"title\"><i class=\"icon-plus acc-icon-plus\" aria-hidden=\"true\"><\/i><i class=\"icon-minus acc-icon-minus\" aria-hidden=\"true\"><\/i>Comment acheter ma place ?<\/div>\n<div class=\"answer\">\n<p>S\u00e9lectionnez le nombre de ticket que vous souhaitez pour l\u2019\u00e9v\u00e9nement et cliquez sur \u00ab Acheter \u00bb. Ensuite, cliquez sur \u00ab Valider la commande \u00bb.<\/p>\n<p>Une fois sur la page de validation de commande, veuillez indiquer le nom, le pr\u00e9nom et l\u2019adresse e-mail des diff\u00e9rentes personnes pour lesquelles les billets sont destin\u00e9s.<\/p>\n<p>Remplissez ensuite les informations relatives aux d\u00e9tails de facturation et proc\u00e9dez au paiement.<\/p>\n<\/div>\n<\/div>\n<div class=\"question\" tabindex=\"0\" role=\"link\">\n<div class=\"title\"><i class=\"icon-plus acc-icon-plus\" aria-hidden=\"true\"><\/i><i class=\"icon-minus acc-icon-minus\" aria-hidden=\"true\"><\/i>Le paiement est-il s\u00e9curis\u00e9 ?<\/div>\n<div class=\"answer\">\n<p>Oui le processus de paiement est enti\u00e8rement s\u00e9curis\u00e9. Vous n\u2019avez aucune crainte \u00e0 avoir lors de votre achat sur Ticketex.fr.<\/p>\n<\/div>\n<\/div>\n<div class=\"question\" tabindex=\"0\" role=\"link\">\n<div class=\"title\"><i class=\"icon-plus acc-icon-plus\" aria-hidden=\"true\"><\/i><i class=\"icon-minus acc-icon-minus\" aria-hidden=\"true\"><\/i>Que se passe-t-il apr\u00e8s le paiement ?<\/div>\n<div class=\"answer\">\n<p>Une fois le paiement effectu\u00e9, chaque personne indiqu\u00e9e lors de la commande recevra son billet num\u00e9rique par e-mail au format PDF. Vous recevrez \u00e9galement un mail contenant votre facture en pi\u00e8ce jointe au format PDF.<\/p>\n<\/div>\n<\/div>\n<div class=\"question\" tabindex=\"0\" role=\"link\">\n<div class=\"title\"><i class=\"icon-plus acc-icon-plus\" aria-hidden=\"true\"><\/i><i class=\"icon-minus acc-icon-minus\" aria-hidden=\"true\"><\/i>Comment pr\u00e9senter mon ticket au moment de l\u2019\u00e9v\u00e8nement ?<\/div>\n<div class=\"answer\">\n<p>1 &#8211; Vous imprimez votre ticket num\u00e9rique et vous le pr\u00e9sentez \u00e0 la personne en charge du contr\u00f4le une fois arriv\u00e9 sur place.<\/p>\n<p>2 &#8211; Vous t\u00e9l\u00e9charger le ticket num\u00e9rique sur votre t\u00e9l\u00e9phone et vous le pr\u00e9sentez \u00e0 la personne en charge du contr\u00f4le une fois arriv\u00e9 sur place.<\/p>\n<\/div>\n<\/div>\n<div class=\"question\" tabindex=\"0\" role=\"link\">\n<div class=\"title\"><i class=\"icon-plus acc-icon-plus\" aria-hidden=\"true\"><\/i><i class=\"icon-minus acc-icon-minus\" aria-hidden=\"true\"><\/i>Je n\u2019ai pas re\u00e7u mon ticket ou ma facture par mail<\/div>\n<div class=\"answer\">Il arrive parfois que le mail envoy\u00e9 arrive dans les spams au niveau de votre Webmail. Si apr\u00e8s v\u00e9rification vous constatez toujours que vous n\u2019avez rien re\u00e7u, merci de nous contact \u00e0 l\u2019adresse contact@ticketex.fr ou par t\u00e9l\u00e9phone au 09.53.23.46.96.<\/div>\n<\/div>\n<\/div>\n<\/div>\n<\/div>\n<\/div>\n","protected":false},"excerpt":{"rendered":"<p>Type de Billet Prix Quantit\u00e9 Commande Billet d\u2019Entr\u00e9e 3\u20ac 12345678910 Commander Questions fr\u00e9quentes Comment acheter ma place ? S\u00e9lectionnez le nombre de ticket que vous souhaitez<span class=\"excerpt-hellip\"> [\u2026]<\/span><\/p>\n","protected":false},"author":1,"featured_media":0,"parent":0,"menu_order":0,"comment_status":"open","ping_status":"closed","template":"","meta":{"footnotes":""},"class_list":["post-8","page","type-page","status-publish","hentry"],"aioseo_notices":[],"_links":{"self":[{"href":"https:\/\/ticketex.fr\/salon-saveursetvins\/wp-json\/wp\/v2\/pages\/8","targetHints":{"allow":["GET"]}}],"collection":[{"href":"https:\/\/ticketex.fr\/salon-saveursetvins\/wp-json\/wp\/v2\/pages"}],"about":[{"href":"https:\/\/ticketex.fr\/salon-saveursetvins\/wp-json\/wp\/v2\/types\/page"}],"author":[{"embeddable":true,"href":"https:\/\/ticketex.fr\/salon-saveursetvins\/wp-json\/wp\/v2\/users\/1"}],"replies":[{"embeddable":true,"href":"https:\/\/ticketex.fr\/salon-saveursetvins\/wp-json\/wp\/v2\/comments?post=8"}],"version-history":[{"count":111,"href":"https:\/\/ticketex.fr\/salon-saveursetvins\/wp-json\/wp\/v2\/pages\/8\/revisions"}],"predecessor-version":[{"id":862,"href":"https:\/\/ticketex.fr\/salon-saveursetvins\/wp-json\/wp\/v2\/pages\/8\/revisions\/862"}],"wp:attachment":[{"href":"https:\/\/ticketex.fr\/salon-saveursetvins\/wp-json\/wp\/v2\/media?parent=8"}],"curies":[{"name":"wp","href":"https:\/\/api.w.org\/{rel}","templated":true}]}}