{"id":407,"date":"2023-07-17T11:50:11","date_gmt":"2023-07-17T09:50:11","guid":{"rendered":"https:\/\/ticketex.fr\/guinguettedeliton\/?page_id=407"},"modified":"2023-10-24T17:09:27","modified_gmt":"2023-10-24T15:09:27","slug":"mentions-legales","status":"publish","type":"page","link":"https:\/\/ticketex.fr\/salon-saveursetvins\/mentions-legales\/","title":{"rendered":"Mentions l\u00e9gales"},"content":{"rendered":"<p>D\u00e9nomination : EURE EVENT TEX<br \/>\nAdresse : 16 RUE FRANKLIN D ROOSEVELT 27000 EVREUX <br \/>\nT\u00e9l\u00e9phone : 09.53.23.46.96<br \/>\nForme juridique : SARL<br \/>\nSiret : 79359274200027<br \/>\nCapital Social : 5000\u20ac<\/p>\n<h2 style=\"color:#26CF7C;\">Site Internet<\/h2>\n<p>H\u00e9berg\u00e9 en France chez OVH<br \/>\nAdresse OVH : 2 rue Kellermann &#8211; 59100 Roubaix &#8211; France<br \/>\nSite Internet : OVH.com<\/p>\n<p>R\u00e9alis\u00e9 par EventTex<br \/>\nD\u00e9nomination : EURE EVENT TEX<br \/>\nForme juridique : SARL<br \/>\nAdresse : 16 Rue Franklin Delano Roosevelt, 27000 \u00c9vreux &#8211; France <br \/>\nSiret : 79359274200027<\/p>\n","protected":false},"excerpt":{"rendered":"<p>D\u00e9nomination : EURE EVENT TEX Adresse : 16 RUE FRANKLIN D ROOSEVELT 27000 EVREUX T\u00e9l\u00e9phone : 09.53.23.46.96 Forme juridique : SARL Siret : 79359274200027 Capital Social<span class=\"excerpt-hellip\"> [\u2026]<\/span><\/p>\n","protected":false},"author":1,"featured_media":0,"parent":0,"menu_order":0,"comment_status":"closed","ping_status":"closed","template":"","meta":{"footnotes":""},"class_list":["post-407","page","type-page","status-publish","hentry"],"aioseo_notices":[],"_links":{"self":[{"href":"https:\/\/ticketex.fr\/salon-saveursetvins\/wp-json\/wp\/v2\/pages\/407","targetHints":{"allow":["GET"]}}],"collection":[{"href":"https:\/\/ticketex.fr\/salon-saveursetvins\/wp-json\/wp\/v2\/pages"}],"about":[{"href":"https:\/\/ticketex.fr\/salon-saveursetvins\/wp-json\/wp\/v2\/types\/page"}],"author":[{"embeddable":true,"href":"https:\/\/ticketex.fr\/salon-saveursetvins\/wp-json\/wp\/v2\/users\/1"}],"replies":[{"embeddable":true,"href":"https:\/\/ticketex.fr\/salon-saveursetvins\/wp-json\/wp\/v2\/comments?post=407"}],"version-history":[{"count":4,"href":"https:\/\/ticketex.fr\/salon-saveursetvins\/wp-json\/wp\/v2\/pages\/407\/revisions"}],"predecessor-version":[{"id":411,"href":"https:\/\/ticketex.fr\/salon-saveursetvins\/wp-json\/wp\/v2\/pages\/407\/revisions\/411"}],"wp:attachment":[{"href":"https:\/\/ticketex.fr\/salon-saveursetvins\/wp-json\/wp\/v2\/media?parent=407"}],"curies":[{"name":"wp","href":"https:\/\/api.w.org\/{rel}","templated":true}]}}